{"id":19648,"date":"2025-10-10T10:05:54","date_gmt":"2025-10-10T08:05:54","guid":{"rendered":"https:\/\/www.monapart.com\/magazine\/?page_id=19648"},"modified":"2025-10-10T12:48:57","modified_gmt":"2025-10-10T10:48:57","slug":"tienes-una-viviendabonita-para-vender-o-alquilar-%e2%9c%a8","status":"publish","type":"page","link":"https:\/\/www.monapart.com\/magazine\/tienes-una-viviendabonita-para-vender-o-alquilar-%e2%9c%a8","title":{"rendered":"\u00bfTienes una #viviendabonita para vender o alquilar? \u2728"},"content":{"rendered":"\n<p>Vender una vivienda puede ser estresante, pero con Monapart es mucho m\u00e1s f\u00e1cil.<\/p>\n\n\n\n<p>Nos encargamos de todo para que consigas <strong>el mejor precio, en el menor tiempo y con total tranquilidad<\/strong>: valoraci\u00f3n precisa, m\u00e1xima difusi\u00f3n, colaboraci\u00f3n en red con otras agencias y acompa\u00f1amiento experto en cada paso.<\/p>\n\n\n\n<p>Cont\u00e1ctanos y descubre c\u00f3mo hacemos que tu vivienda destaque.<\/p>\n\n\n\n<div class=\"wpcf7 no-js\" id=\"wpcf7-f19647-o1\" lang=\"es-ES\" dir=\"ltr\" data-wpcf7-id=\"19647\">\n<div class=\"screen-reader-response\"><p role=\"status\" aria-live=\"polite\" aria-atomic=\"true\"><\/p> <ul><\/ul><\/div>\n<form action=\"\/magazine\/wp-json\/wp\/v2\/pages\/19648#wpcf7-f19647-o1\" method=\"post\" class=\"wpcf7-form init\" aria-label=\"Formulario de contacto\" novalidate=\"novalidate\" data-status=\"init\">\n<fieldset class=\"hidden-fields-container\"><input type=\"hidden\" name=\"_wpcf7\" value=\"19647\" \/><input type=\"hidden\" name=\"_wpcf7_version\" value=\"6.1.5\" \/><input type=\"hidden\" name=\"_wpcf7_locale\" value=\"es_ES\" \/><input type=\"hidden\" name=\"_wpcf7_unit_tag\" value=\"wpcf7-f19647-o1\" \/><input type=\"hidden\" name=\"_wpcf7_container_post\" value=\"0\" \/><input type=\"hidden\" name=\"_wpcf7_posted_data_hash\" value=\"\" \/><input type=\"hidden\" name=\"_wpcf7_recaptcha_response\" value=\"\" \/>\n<\/fieldset>\n<p><label> Tu nombre<span class=\"wpcf7-form-control-wrap\" data-name=\"your-name\"><input size=\"40\" maxlength=\"400\" class=\"wpcf7-form-control wpcf7-text wpcf7-validates-as-required\" autocomplete=\"name\" aria-required=\"true\" aria-invalid=\"false\" value=\"\" type=\"text\" name=\"your-name\" \/><\/span> <\/label><label> Tu correo electr\u00f3nico<span class=\"wpcf7-form-control-wrap\" data-name=\"your-email\"><input size=\"40\" maxlength=\"400\" class=\"wpcf7-form-control wpcf7-email wpcf7-validates-as-required wpcf7-text wpcf7-validates-as-email\" autocomplete=\"email\" aria-required=\"true\" aria-invalid=\"false\" value=\"\" type=\"email\" name=\"your-email\" \/><\/span> <\/label><label class=\"basis-100\">Asunto (opcional)<span class=\"wpcf7-form-control-wrap\" data-name=\"your-subject\"><input size=\"40\" maxlength=\"400\" class=\"wpcf7-form-control wpcf7-text\" aria-invalid=\"false\" value=\"\" type=\"text\" name=\"your-subject\" \/><\/span> <\/label><label class=\"basis-100\"> Tu mensaje (opcional)<span class=\"wpcf7-form-control-wrap\" data-name=\"your-message\"><textarea cols=\"40\" rows=\"10\" maxlength=\"2000\" class=\"wpcf7-form-control wpcf7-textarea\" aria-invalid=\"false\" name=\"your-message\"><\/textarea><\/span><\/label><label class=\"acceptance\"><span class=\"wpcf7-form-control-wrap\" data-name=\"acceptance-828\"><span class=\"wpcf7-form-control wpcf7-acceptance\"><span class=\"wpcf7-list-item\"><label><input type=\"checkbox\" name=\"acceptance-828\" value=\"1\" aria-invalid=\"false\" \/><span class=\"wpcf7-list-item-label\">He le\u00eddo y acepto <a href=\"https:\/\/www.monapart.com\/legal\/politica-de-privacidad\" target=\"monapartWIN\">la pol\u00edtica de privacidad<\/a>.<\/span><\/label><\/span><\/span><\/span><\/label>\n<\/p>\n<p><input class=\"wpcf7-form-control wpcf7-submit has-spinner\" type=\"submit\" value=\"Enviar\" \/>\n<\/p><div class=\"wpcf7-response-output\" aria-hidden=\"true\"><\/div>\n<\/form>\n<\/div>\n\n\n\n\n<p><\/p>\n","protected":false},"excerpt":{"rendered":"<p>Vender una vivienda puede ser estresante, pero con Monapart es mucho m\u00e1s f\u00e1cil. Nos encargamos de todo para que consigas el mejor precio, en el menor tiempo y con total tranquilidad: valoraci\u00f3n precisa, m\u00e1xima difusi\u00f3n, colaboraci\u00f3n en red con otras agencias y acompa\u00f1amiento experto en cada paso. Cont\u00e1ctanos y descubre c\u00f3mo hacemos que tu vivienda [&hellip;]<\/p>\n","protected":false},"author":11,"featured_media":0,"parent":0,"menu_order":5,"comment_status":"closed","ping_status":"closed","template":"forms-template.php","meta":{"_acf_changed":false,"footnotes":""},"class_list":["post-19648","page","type-page","status-publish","hentry"],"acf":[],"_links":{"self":[{"href":"https:\/\/www.monapart.com\/magazine\/wp-json\/wp\/v2\/pages\/19648","targetHints":{"allow":["GET"]}}],"collection":[{"href":"https:\/\/www.monapart.com\/magazine\/wp-json\/wp\/v2\/pages"}],"about":[{"href":"https:\/\/www.monapart.com\/magazine\/wp-json\/wp\/v2\/types\/page"}],"author":[{"embeddable":true,"href":"https:\/\/www.monapart.com\/magazine\/wp-json\/wp\/v2\/users\/11"}],"replies":[{"embeddable":true,"href":"https:\/\/www.monapart.com\/magazine\/wp-json\/wp\/v2\/comments?post=19648"}],"version-history":[{"count":7,"href":"https:\/\/www.monapart.com\/magazine\/wp-json\/wp\/v2\/pages\/19648\/revisions"}],"predecessor-version":[{"id":19667,"href":"https:\/\/www.monapart.com\/magazine\/wp-json\/wp\/v2\/pages\/19648\/revisions\/19667"}],"wp:attachment":[{"href":"https:\/\/www.monapart.com\/magazine\/wp-json\/wp\/v2\/media?parent=19648"}],"curies":[{"name":"wp","href":"https:\/\/api.w.org\/{rel}","templated":true}]}}