{"id":1883,"date":"2024-04-19T09:59:51","date_gmt":"2024-04-19T07:59:51","guid":{"rendered":"https:\/\/www.monapart.com\/magazine\/?page_id=1883"},"modified":"2025-09-30T16:13:38","modified_gmt":"2025-09-30T14:13:38","slug":"escaparate-domestico","status":"publish","type":"page","link":"https:\/\/www.monapart.com\/magazine\/escaparate-domestico","title":{"rendered":"Escaparate Dom\u00e9stico"},"content":{"rendered":"\n<p>A continuaci\u00f3n, encontrar\u00e1s una selecci\u00f3n de las viviendas m\u00e1s bonitas que hemos tenido en venta o en alquiler en Monapart. Lofts, estudios, casas, \u00e1ticos o pisos \u00fanicos y maravillosos, mostrados tal como son un d\u00eda cualquiera, permiti\u00e9ndonos el capricho de cerrar la puerta y oler otras realidades, present\u00e1ndonos all\u00ed por sorpresa.<\/p>\n\n\n\n<p>Este escaparate dom\u00e9stico es una colecci\u00f3n viva y en constante crecimiento hecha para tu puro disfrute visual, porque sabemos que te encantan las viviendas bonitas, casi tanto como a nosotros&#8230; As\u00ed que por favor, entra, ponte c\u00f3modo y \u00a1si\u00e9ntete como en casa!<\/p>\n","protected":false},"excerpt":{"rendered":"<p>A continuaci\u00f3n, encontrar\u00e1s una selecci\u00f3n de las viviendas m\u00e1s bonitas que hemos tenido en venta o en alquiler en Monapart. Lofts, estudios, casas, \u00e1ticos o pisos \u00fanicos y maravillosos, mostrados tal como son un d\u00eda cualquiera, permiti\u00e9ndonos el capricho de cerrar la puerta y oler otras realidades, present\u00e1ndonos all\u00ed por sorpresa. Este escaparate dom\u00e9stico es [&hellip;]<\/p>\n","protected":false},"author":5,"featured_media":0,"parent":0,"menu_order":18,"comment_status":"closed","ping_status":"closed","template":"mnprt_exposed.php","meta":{"_acf_changed":false,"footnotes":""},"page_category":[],"class_list":["post-1883","page","type-page","status-publish","hentry"],"acf":[],"_links":{"self":[{"href":"https:\/\/www.monapart.com\/magazine\/wp-json\/wp\/v2\/pages\/1883","targetHints":{"allow":["GET"]}}],"collection":[{"href":"https:\/\/www.monapart.com\/magazine\/wp-json\/wp\/v2\/pages"}],"about":[{"href":"https:\/\/www.monapart.com\/magazine\/wp-json\/wp\/v2\/types\/page"}],"author":[{"embeddable":true,"href":"https:\/\/www.monapart.com\/magazine\/wp-json\/wp\/v2\/users\/5"}],"replies":[{"embeddable":true,"href":"https:\/\/www.monapart.com\/magazine\/wp-json\/wp\/v2\/comments?post=1883"}],"version-history":[{"count":2,"href":"https:\/\/www.monapart.com\/magazine\/wp-json\/wp\/v2\/pages\/1883\/revisions"}],"predecessor-version":[{"id":19432,"href":"https:\/\/www.monapart.com\/magazine\/wp-json\/wp\/v2\/pages\/1883\/revisions\/19432"}],"wp:attachment":[{"href":"https:\/\/www.monapart.com\/magazine\/wp-json\/wp\/v2\/media?parent=1883"}],"wp:term":[{"taxonomy":"page_category","embeddable":true,"href":"https:\/\/www.monapart.com\/magazine\/wp-json\/wp\/v2\/page_category?post=1883"}],"curies":[{"name":"wp","href":"https:\/\/api.w.org\/{rel}","templated":true}]}}