{"id":1883,"date":"2024-04-19T09:59:51","date_gmt":"2024-04-19T07:59:51","guid":{"rendered":"https:\/\/www.monapart.com\/magazine\/?page_id=1883"},"modified":"2025-09-30T16:13:38","modified_gmt":"2025-09-30T14:13:38","slug":"aparador-domestic","status":"publish","type":"page","link":"https:\/\/www.monapart.com\/magazine\/ca\/escaparate-domestico","title":{"rendered":"Aparador Dom\u00e8stic"},"content":{"rendered":"<p>A continuaci\u00f3, trobar\u00e0s una selecci\u00f3 dels habitatges m\u00e9s bonics que hem tingut en venda o de lloguer a Monapart. Lofts, estudis, cases, \u00e0tics o pisos \u00fanics i meravellosos, mostrats tal com s\u00f3n un dia qualsevol, permetent-nos el caprici de tancar la porta i olorar altres realitats, presentant-nos all\u00e0 per sorpresa.<\/p>\n\n\n\n<p>Aquest aparador dom\u00e8stic \u00e9s una col\u00b7lecci\u00f3 viva i en constant creixement feta per al teu pur gaudi visual, perqu\u00e8 sabem que t&#039;encanten els habitatges bonics, gaireb\u00e9 tant com a nosaltres\u2026 Aix\u00ed que si us plau, entra, posa&#039;t c\u00f2mode i sent-te com a casa!<\/p>","protected":false},"excerpt":{"rendered":"<p>A continuaci\u00f3n, encontrar\u00e1s una selecci\u00f3n de las viviendas m\u00e1s bonitas que hemos tenido en venta o en alquiler en Monapart. Lofts, estudios, casas, \u00e1ticos o pisos \u00fanicos y maravillosos, mostrados tal como son un d\u00eda cualquiera, permiti\u00e9ndonos el capricho de cerrar la puerta y oler otras realidades, present\u00e1ndonos all\u00ed por sorpresa. Este escaparate dom\u00e9stico es [&hellip;]<\/p>\n","protected":false},"author":5,"featured_media":0,"parent":0,"menu_order":18,"comment_status":"closed","ping_status":"closed","template":"mnprt_exposed.php","meta":{"_acf_changed":false,"footnotes":""},"page_category":[],"class_list":["post-1883","page","type-page","status-publish","hentry"],"acf":[],"_links":{"self":[{"href":"https:\/\/www.monapart.com\/magazine\/ca\/wp-json\/wp\/v2\/pages\/1883","targetHints":{"allow":["GET"]}}],"collection":[{"href":"https:\/\/www.monapart.com\/magazine\/ca\/wp-json\/wp\/v2\/pages"}],"about":[{"href":"https:\/\/www.monapart.com\/magazine\/ca\/wp-json\/wp\/v2\/types\/page"}],"author":[{"embeddable":true,"href":"https:\/\/www.monapart.com\/magazine\/ca\/wp-json\/wp\/v2\/users\/5"}],"replies":[{"embeddable":true,"href":"https:\/\/www.monapart.com\/magazine\/ca\/wp-json\/wp\/v2\/comments?post=1883"}],"version-history":[{"count":2,"href":"https:\/\/www.monapart.com\/magazine\/ca\/wp-json\/wp\/v2\/pages\/1883\/revisions"}],"predecessor-version":[{"id":19432,"href":"https:\/\/www.monapart.com\/magazine\/ca\/wp-json\/wp\/v2\/pages\/1883\/revisions\/19432"}],"wp:attachment":[{"href":"https:\/\/www.monapart.com\/magazine\/ca\/wp-json\/wp\/v2\/media?parent=1883"}],"wp:term":[{"taxonomy":"page_category","embeddable":true,"href":"https:\/\/www.monapart.com\/magazine\/ca\/wp-json\/wp\/v2\/page_category?post=1883"}],"curies":[{"name":"wp","href":"https:\/\/api.w.org\/{rel}","templated":true}]}}